{"id":46,"date":"2016-12-06T18:19:16","date_gmt":"2016-12-06T17:19:16","guid":{"rendered":"http:\/\/projekte.africa-positive.de\/youths\/?page_id=8"},"modified":"2023-07-04T09:47:15","modified_gmt":"2023-07-04T07:47:15","slug":"ueber-africa-positive-youths","status":"publish","type":"page","link":"https:\/\/www.africa-positive.de\/youths\/ueber-africa-positive-youths\/","title":{"rendered":"\u00dcber Africa Positive Youths"},"content":{"rendered":"<p>Cool, Africa Positive hat nun eine eigene \u201eJugend\u201c gegr\u00fcndet! Wie wird denn so eine Jugendgruppe gegr\u00fcndet? Jugendliche laufen doch \u00fcberall herum. Genau, doch Africa Positive ist es wichtig, dass die Jugendlichen, die bereits gewisse Angebote des Vereines wahrnehmen oder Interesse haben, mit anderen Jugendlichen regelm\u00e4\u00dfig in Kontakt zu kommen, auch selbst aktiv werden. Eigene Aktionen planen, organisieren und durchf\u00fchren, sich als Jugend selbst verwalten, einen eigenen Vorstand w\u00e4hlen und mit ihm arbeiten, gemeinsam ein Netzwerk aufzubauen, das soll dabei im Vordergrund stehen. Jugendliche wollen mitreden, mitbestimmen, mitmischen! Manchmal hilft ein kleiner Aufruf: \u201eKommt doch mal zusammen.\u201c Und so sassen pl\u00f6tzlich am 20.06.2012 siebzehn neugierige, interessierte und motivierte Jugendliche im B\u00fcro von Africa Positive.<\/p>\n<p>Gemeinsam \u00fcberlegten die Kids, was man als Jugend so unternehmen k\u00f6nnte. \u201eFreizeitpark\u201c, \u201eEis essen\u201c, \u201eUmweltaktivit\u00e4ten\u201c, \u201eCampen\u201c, \u201eregelm\u00e4\u00dfige Treffen\u201c und viele weitere Vorschl\u00e4ge sprudelten nur aus den M\u00fcndern. Nachdem dann noch ein Vorstand gew\u00e4hlt wurde und man weitere elementare Strukturen festgelegte, endete die \u201eVersammlung\u201c spontan noch mit einem kleinen Fu\u00dfballspiel im Hinterhof (welches Team 1 mit 10:8 gewann :-).<\/p>\n<p>Die zweite Mitgliederversammlung der \u201eAfrica Positive Youths\u201c fand am 6.3.2013 statt. Nach einer kleinen Vorstellungsrunde der 35 anwesenden Mitglieder wurde ein R\u00fcckblick auf das Jahr 2012 geworfen. Es wurde eine positive Resonanz gezogen. \u201eMit den Aktivit\u00e4ten der \u00b4Africa Positive Youths\u00b4 m\u00f6chten wir noch mehr Kinder und Jugendliche erreichen, und daf\u00fcr sind jederzeit helfende H\u00e4nde zu gebrauchen.\u201c Der n\u00e4chste wichtige Tagesordnungspunkt war die Wahl eines neuen Vorstandes. Einstimmig wurden Pierre Banzimwabo zum 1. Vorsitzenden, Hannah Fischer und Raoul Berszat zu den stellvertretenden Vorsitzenden und Pa Ansu Dampha zum Kassenwart gew\u00e4hlt. Die Beisitzer sind Jamilatou Jallow, Soufian Benali, Mohamed, Youssuf Alioune, Doh Formusoh und Asale Goddy.<\/p>\n<h2>Ferienprogramm<\/h2>\n<p>In den Schulferien bieten wir regelm\u00e4\u00dfig unser Ferienprogramm an. Was wird angeboten? Eine ganze Menge &#8218;Action&#8216;: Vom HipHop-Seminar \u00fcber Trommel-Workshops, gemeinsame Ausfl\u00fcge bis hin zum Schwimmen und Kochaktionen, bei denen wir unser Lieblingsessen selbst zubereiten.Sei dabei! Bei uns wird wird es nicht langweilig und Du kannst auch Deine pers\u00f6nlichen Talente und St\u00e4rken entwickeln.<\/p>\n<h2>Bildungs- &amp; Freizeitcamp<\/h2>\n<p>Das <em><strong>\u201eBildungs- &amp; Freizeitcamp\u201c<\/strong><\/em> fand von 06.07. bis 31.07.2020 im Fritz-Hen\u00dfler-Haus in Dortmund statt. Aufgrund unser bisherigen langj\u00e4hrigen Erfahrungen mit Nachhilfe und Hausaufgabenbetreuung sowie Ferienfreizeiten hatte der Africa Positive e. V. sich entschieden, die Bildungsangebote des Vereins aufgrund des Corona-bedingten Unterrichtsausfalls entsprechend zu erweitern.<\/p>\n<p>Das vierw\u00f6chige Projekt <em><strong>\u201eBildungs- &amp; Freizeitcamp\u201c<\/strong><\/em> f\u00fcr Kinder und Jugendliche aller Schulformen wurde durchgef\u00fchrt, damit die Schulkinder die M\u00f6glichkeit hatten, vers\u00e4umte Schulstoffe nachzuholen und zu \u00fcben. Neben der reinen Besch\u00e4ftigung mit den Unterrichtsinhalten fanden auch begleitende sinnstiftende Freizeitaktivit\u00e4ten f\u00fcr die Kinder statt.<br \/>\nDas Angebot wurde von den Familien sehr gut aufgenommen. Es gab insgesamt 40 Anmeldungen. Die regelm\u00e4\u00dfige Teilnehmerzahl lag jeweils zwischen 20 -25 Personen.<br \/>\nDurch die positive Feedbacks der Kinder und Jugendlichen wurde klar, wie wichtig solche Angebote sind. Obwohl die Angebote w\u00e4hrend der Ferienzeit stattgefunden haben, kamen die Jugendlichen gerne und waren die ganzen vier Woche sehr engagiert dabei.<\/p>\n<p>Unser gro\u00dfer Dank gilt dem Jugendamt Dortmund sowie dem Kommunalen Integrationszentrum der Stadt Dortmund f\u00fcr die finanzielle Unterst\u00fctzung und ihre freundliche Zusammenarbeit. Dadurch war es m\u00f6glich, s\u00e4mtliche Aktionen kostenlos anzubieten.<\/p>\n\n\t\t<style type=\"text\/css\">\n\t\t\t#gallery-1 {\n\t\t\t\tmargin: auto;\n\t\t\t}\n\t\t\t#gallery-1 .gallery-item {\n\t\t\t\tfloat: left;\n\t\t\t\tmargin-top: 10px;\n\t\t\t\ttext-align: center;\n\t\t\t\twidth: 20%;\n\t\t\t}\n\t\t\t#gallery-1 img {\n\t\t\t\tborder: 2px solid #cfcfcf;\n\t\t\t}\n\t\t\t#gallery-1 .gallery-caption {\n\t\t\t\tmargin-left: 0;\n\t\t\t}\n\t\t\t\/* see gallery_shortcode() in wp-includes\/media.php *\/\n\t\t<\/style>\n\t\t<div id='gallery-1' class='gallery galleryid-46 gallery-columns-5 gallery-size-thumbnail'><dl class='gallery-item'>\n\t\t\t<dt class='gallery-icon landscape'>\n\t\t\t\t<a href='https:\/\/www.africa-positive.de\/youths\/wp-content\/uploads\/sites\/8\/2021\/03\/Bildungs-und-Freizeitcamp-1-scaled.jpg'><img loading=\"lazy\" decoding=\"async\" width=\"150\" height=\"150\" src=\"https:\/\/www.africa-positive.de\/youths\/wp-content\/uploads\/sites\/8\/2021\/03\/Bildungs-und-Freizeitcamp-1-150x150.jpg\" class=\"attachment-thumbnail size-thumbnail\" alt=\"Bildungs- und Freizeitcamp\" \/><\/a>\n\t\t\t<\/dt><\/dl><dl class='gallery-item'>\n\t\t\t<dt class='gallery-icon landscape'>\n\t\t\t\t<a href='https:\/\/www.africa-positive.de\/youths\/wp-content\/uploads\/sites\/8\/2021\/03\/Bildungs-und-Freizeitcamp-2-scaled.jpg'><img loading=\"lazy\" decoding=\"async\" width=\"150\" height=\"150\" src=\"https:\/\/www.africa-positive.de\/youths\/wp-content\/uploads\/sites\/8\/2021\/03\/Bildungs-und-Freizeitcamp-2-150x150.jpg\" class=\"attachment-thumbnail size-thumbnail\" alt=\"Bildungs- und Freizeitcamp\" \/><\/a>\n\t\t\t<\/dt><\/dl><dl class='gallery-item'>\n\t\t\t<dt class='gallery-icon landscape'>\n\t\t\t\t<a href='https:\/\/www.africa-positive.de\/youths\/wp-content\/uploads\/sites\/8\/2021\/03\/Bildungs-und-Freizeitcamp-3-scaled.jpg'><img loading=\"lazy\" decoding=\"async\" width=\"150\" height=\"150\" src=\"https:\/\/www.africa-positive.de\/youths\/wp-content\/uploads\/sites\/8\/2021\/03\/Bildungs-und-Freizeitcamp-3-150x150.jpg\" class=\"attachment-thumbnail size-thumbnail\" alt=\"Bildungs- und Freizeitcamp\" \/><\/a>\n\t\t\t<\/dt><\/dl><dl class='gallery-item'>\n\t\t\t<dt class='gallery-icon landscape'>\n\t\t\t\t<a href='https:\/\/www.africa-positive.de\/youths\/wp-content\/uploads\/sites\/8\/2021\/03\/Bildungs-und-Freizeitcamp-4.jpg'><img loading=\"lazy\" decoding=\"async\" width=\"150\" height=\"150\" src=\"https:\/\/www.africa-positive.de\/youths\/wp-content\/uploads\/sites\/8\/2021\/03\/Bildungs-und-Freizeitcamp-4-150x150.jpg\" class=\"attachment-thumbnail size-thumbnail\" alt=\"Bildungs- und Freizeitcamp\" \/><\/a>\n\t\t\t<\/dt><\/dl><dl class='gallery-item'>\n\t\t\t<dt class='gallery-icon landscape'>\n\t\t\t\t<a href='https:\/\/www.africa-positive.de\/youths\/wp-content\/uploads\/sites\/8\/2021\/03\/20200714_134138-Trommel.jpg'><img loading=\"lazy\" decoding=\"async\" width=\"150\" height=\"150\" src=\"https:\/\/www.africa-positive.de\/youths\/wp-content\/uploads\/sites\/8\/2021\/03\/20200714_134138-Trommel-150x150.jpg\" class=\"attachment-thumbnail size-thumbnail\" alt=\"Bildungs- und Freizeitcamp\" \/><\/a>\n\t\t\t<\/dt><\/dl><br style=\"clear: both\" \/><dl class='gallery-item'>\n\t\t\t<dt class='gallery-icon landscape'>\n\t\t\t\t<a href='https:\/\/www.africa-positive.de\/youths\/wp-content\/uploads\/sites\/8\/2021\/03\/20200717_115625-Workshop.jpg'><img loading=\"lazy\" decoding=\"async\" width=\"150\" height=\"150\" src=\"https:\/\/www.africa-positive.de\/youths\/wp-content\/uploads\/sites\/8\/2021\/03\/20200717_115625-Workshop-150x150.jpg\" class=\"attachment-thumbnail size-thumbnail\" alt=\"Bildungs- und Freizeitcamp\" \/><\/a>\n\t\t\t<\/dt><\/dl><dl class='gallery-item'>\n\t\t\t<dt class='gallery-icon landscape'>\n\t\t\t\t<a href='https:\/\/www.africa-positive.de\/youths\/wp-content\/uploads\/sites\/8\/2021\/03\/IMG-20200706-WA0014.jpg'><img loading=\"lazy\" decoding=\"async\" width=\"150\" height=\"150\" src=\"https:\/\/www.africa-positive.de\/youths\/wp-content\/uploads\/sites\/8\/2021\/03\/IMG-20200706-WA0014-150x150.jpg\" class=\"attachment-thumbnail size-thumbnail\" alt=\"Bildungs- und Freizeitcamp\" \/><\/a>\n\t\t\t<\/dt><\/dl><dl class='gallery-item'>\n\t\t\t<dt class='gallery-icon landscape'>\n\t\t\t\t<a href='https:\/\/www.africa-positive.de\/youths\/wp-content\/uploads\/sites\/8\/2021\/03\/IMG-20200710-WA0019.jpg'><img loading=\"lazy\" decoding=\"async\" width=\"150\" height=\"150\" src=\"https:\/\/www.africa-positive.de\/youths\/wp-content\/uploads\/sites\/8\/2021\/03\/IMG-20200710-WA0019-150x150.jpg\" class=\"attachment-thumbnail size-thumbnail\" alt=\"Bildungs- und Freizeitcamp\" \/><\/a>\n\t\t\t<\/dt><\/dl><dl class='gallery-item'>\n\t\t\t<dt class='gallery-icon landscape'>\n\t\t\t\t<a href='https:\/\/www.africa-positive.de\/youths\/wp-content\/uploads\/sites\/8\/2021\/03\/IMG-20200714-WA0049.jpg'><img loading=\"lazy\" decoding=\"async\" width=\"150\" height=\"150\" src=\"https:\/\/www.africa-positive.de\/youths\/wp-content\/uploads\/sites\/8\/2021\/03\/IMG-20200714-WA0049-150x150.jpg\" class=\"attachment-thumbnail size-thumbnail\" alt=\"Bildungs- und Freizeitcamp\" \/><\/a>\n\t\t\t<\/dt><\/dl><dl class='gallery-item'>\n\t\t\t<dt class='gallery-icon landscape'>\n\t\t\t\t<a href='https:\/\/www.africa-positive.de\/youths\/wp-content\/uploads\/sites\/8\/2021\/03\/IMG-20200721-WA0002.jpg'><img loading=\"lazy\" decoding=\"async\" width=\"150\" height=\"150\" src=\"https:\/\/www.africa-positive.de\/youths\/wp-content\/uploads\/sites\/8\/2021\/03\/IMG-20200721-WA0002-150x150.jpg\" class=\"attachment-thumbnail size-thumbnail\" alt=\"Bildungs- und Freizeitcamp\" \/><\/a>\n\t\t\t<\/dt><\/dl><br style=\"clear: both\" \/><dl class='gallery-item'>\n\t\t\t<dt class='gallery-icon portrait'>\n\t\t\t\t<a href='https:\/\/www.africa-positive.de\/youths\/wp-content\/uploads\/sites\/8\/2021\/03\/IMG-20200722-WA0026-neu-small.jpg'><img loading=\"lazy\" decoding=\"async\" width=\"150\" height=\"150\" src=\"https:\/\/www.africa-positive.de\/youths\/wp-content\/uploads\/sites\/8\/2021\/03\/IMG-20200722-WA0026-neu-small-150x150.jpg\" class=\"attachment-thumbnail size-thumbnail\" alt=\"Bildungs- und Freizeitcamp\" \/><\/a>\n\t\t\t<\/dt><\/dl><dl class='gallery-item'>\n\t\t\t<dt class='gallery-icon landscape'>\n\t\t\t\t<a href='https:\/\/www.africa-positive.de\/youths\/wp-content\/uploads\/sites\/8\/2021\/03\/Lernen-20200722_112847.jpg'><img loading=\"lazy\" decoding=\"async\" width=\"150\" height=\"150\" src=\"https:\/\/www.africa-positive.de\/youths\/wp-content\/uploads\/sites\/8\/2021\/03\/Lernen-20200722_112847-150x150.jpg\" class=\"attachment-thumbnail size-thumbnail\" alt=\"Bildungs- und Freizeitcamp\" \/><\/a>\n\t\t\t<\/dt><\/dl><dl class='gallery-item'>\n\t\t\t<dt class='gallery-icon landscape'>\n\t\t\t\t<a href='https:\/\/www.africa-positive.de\/youths\/wp-content\/uploads\/sites\/8\/2021\/03\/Malen-20200708_133525.jpg'><img loading=\"lazy\" decoding=\"async\" width=\"150\" height=\"150\" src=\"https:\/\/www.africa-positive.de\/youths\/wp-content\/uploads\/sites\/8\/2021\/03\/Malen-20200708_133525-150x150.jpg\" class=\"attachment-thumbnail size-thumbnail\" alt=\"Bildungs- und Freizeitcamp\" \/><\/a>\n\t\t\t<\/dt><\/dl><dl class='gallery-item'>\n\t\t\t<dt class='gallery-icon landscape'>\n\t\t\t\t<a href='https:\/\/www.africa-positive.de\/youths\/wp-content\/uploads\/sites\/8\/2021\/03\/Schularbeit-20200709_102538.jpg'><img loading=\"lazy\" decoding=\"async\" width=\"150\" height=\"150\" src=\"https:\/\/www.africa-positive.de\/youths\/wp-content\/uploads\/sites\/8\/2021\/03\/Schularbeit-20200709_102538-150x150.jpg\" class=\"attachment-thumbnail size-thumbnail\" alt=\"Bildungs- und Freizeitcamp\" \/><\/a>\n\t\t\t<\/dt><\/dl>\n\t\t\t<br style='clear: both' \/>\n\t\t<\/div>\n\n","protected":false},"excerpt":{"rendered":"<p>Cool, Africa Positive hat nun eine eigene \u201eJugend\u201c gegr\u00fcndet! Wie wird denn so eine Jugendgruppe [&hellip;]<\/p>\n","protected":false},"author":2,"featured_media":157,"parent":0,"menu_order":0,"comment_status":"closed","ping_status":"closed","template":"","meta":{"footnotes":""},"class_list":["post-46","page","type-page","status-publish","has-post-thumbnail","hentry"],"_links":{"self":[{"href":"https:\/\/www.africa-positive.de\/youths\/wp-json\/wp\/v2\/pages\/46","targetHints":{"allow":["GET"]}}],"collection":[{"href":"https:\/\/www.africa-positive.de\/youths\/wp-json\/wp\/v2\/pages"}],"about":[{"href":"https:\/\/www.africa-positive.de\/youths\/wp-json\/wp\/v2\/types\/page"}],"author":[{"embeddable":true,"href":"https:\/\/www.africa-positive.de\/youths\/wp-json\/wp\/v2\/users\/2"}],"replies":[{"embeddable":true,"href":"https:\/\/www.africa-positive.de\/youths\/wp-json\/wp\/v2\/comments?post=46"}],"version-history":[{"count":5,"href":"https:\/\/www.africa-positive.de\/youths\/wp-json\/wp\/v2\/pages\/46\/revisions"}],"predecessor-version":[{"id":130,"href":"https:\/\/www.africa-positive.de\/youths\/wp-json\/wp\/v2\/pages\/46\/revisions\/130"}],"wp:featuredmedia":[{"embeddable":true,"href":"https:\/\/www.africa-positive.de\/youths\/wp-json\/wp\/v2\/media\/157"}],"wp:attachment":[{"href":"https:\/\/www.africa-positive.de\/youths\/wp-json\/wp\/v2\/media?parent=46"}],"curies":[{"name":"wp","href":"https:\/\/api.w.org\/{rel}","templated":true}]}}