{"id":10,"date":"2016-12-06T18:19:25","date_gmt":"2016-12-06T17:19:25","guid":{"rendered":"http:\/\/projekte.africa-positive.de\/youths\/?page_id=10"},"modified":"2023-07-04T09:48:02","modified_gmt":"2023-07-04T07:48:02","slug":"aktivitaeten","status":"publish","type":"page","link":"https:\/\/www.africa-positive.de\/youths\/aktivitaeten\/","title":{"rendered":"Aktivit\u00e4ten"},"content":{"rendered":"<h2>Freizeitaktivit\u00e4ten<\/h2>\n<p>Regelm\u00e4\u00dfige Treffen f\u00fcr Kinder und Jugendliche ab 6 bis 14 Jahren jeden Freitag von 15 Uhr bis 19 Uhr<\/p>\n<h2>Hausaufgabenbetreuung<\/h2>\n<p>F\u00fcr Sch\u00fcler aller Schulformen: Mittwochs vom 16 Uhr bis 18 Uhr<\/p>\n","protected":false},"excerpt":{"rendered":"<p>Freizeitaktivit\u00e4ten Regelm\u00e4\u00dfige Treffen f\u00fcr Kinder und Jugendliche ab 6 bis 14 Jahren jeden Freitag von [&hellip;]<\/p>\n","protected":false},"author":2,"featured_media":158,"parent":0,"menu_order":0,"comment_status":"closed","ping_status":"closed","template":"","meta":{"footnotes":""},"class_list":["post-10","page","type-page","status-publish","has-post-thumbnail","hentry"],"_links":{"self":[{"href":"https:\/\/www.africa-positive.de\/youths\/wp-json\/wp\/v2\/pages\/10","targetHints":{"allow":["GET"]}}],"collection":[{"href":"https:\/\/www.africa-positive.de\/youths\/wp-json\/wp\/v2\/pages"}],"about":[{"href":"https:\/\/www.africa-positive.de\/youths\/wp-json\/wp\/v2\/types\/page"}],"author":[{"embeddable":true,"href":"https:\/\/www.africa-positive.de\/youths\/wp-json\/wp\/v2\/users\/2"}],"replies":[{"embeddable":true,"href":"https:\/\/www.africa-positive.de\/youths\/wp-json\/wp\/v2\/comments?post=10"}],"version-history":[{"count":5,"href":"https:\/\/www.africa-positive.de\/youths\/wp-json\/wp\/v2\/pages\/10\/revisions"}],"predecessor-version":[{"id":86,"href":"https:\/\/www.africa-positive.de\/youths\/wp-json\/wp\/v2\/pages\/10\/revisions\/86"}],"wp:featuredmedia":[{"embeddable":true,"href":"https:\/\/www.africa-positive.de\/youths\/wp-json\/wp\/v2\/media\/158"}],"wp:attachment":[{"href":"https:\/\/www.africa-positive.de\/youths\/wp-json\/wp\/v2\/media?parent=10"}],"curies":[{"name":"wp","href":"https:\/\/api.w.org\/{rel}","templated":true}]}}