{"id":15,"date":"2016-11-24T12:41:18","date_gmt":"2016-11-24T12:41:18","guid":{"rendered":"http:\/\/africapositive-projekte.mkiadi.com\/?page_id=15"},"modified":"2019-03-29T16:30:20","modified_gmt":"2019-03-29T15:30:20","slug":"africa-positive-youths","status":"publish","type":"page","link":"https:\/\/www.africa-positive.de\/projekte\/unsere-projekte\/africa-positive-youths\/","title":{"rendered":"Africa Positive Youths"},"content":{"rendered":"<p>Cool, Africa Positive hat nun eine eigene Jugend gegr\u00fcndet!<em> Wie wird denn so eine Jugendgruppe gegr\u00fcndet? Jugendliche laufen doch \u00fcberall herum<\/em>. Genau, doch Africa Positive ist es wichtig, dass die Jugendlichen, die bereits Angebote des Vereines wahrnehmen oder bestimmte Interesse haben, mit anderen Jugendlichen regelm\u00e4\u00dfig in Kontakt zu kommen, damit diese auch selbst aktiv werden.<\/p>\n<p><a href=\"http:\/\/www.africa-positive.de\/youths\/\">Zur Webseite<\/a>\t\t<\/p>\n","protected":false},"excerpt":{"rendered":"<p>Cool, Africa Positive hat nun eine eigene Jugend gegr\u00fcndet! Wie wird denn so eine Jugendgruppe [&hellip;]<\/p>\n","protected":false},"author":2,"featured_media":3178,"parent":11,"menu_order":0,"comment_status":"closed","ping_status":"closed","template":"","meta":{"footnotes":""},"class_list":["post-15","page","type-page","status-publish","has-post-thumbnail","hentry"],"_links":{"self":[{"href":"https:\/\/www.africa-positive.de\/projekte\/wp-json\/wp\/v2\/pages\/15","targetHints":{"allow":["GET"]}}],"collection":[{"href":"https:\/\/www.africa-positive.de\/projekte\/wp-json\/wp\/v2\/pages"}],"about":[{"href":"https:\/\/www.africa-positive.de\/projekte\/wp-json\/wp\/v2\/types\/page"}],"author":[{"embeddable":true,"href":"https:\/\/www.africa-positive.de\/projekte\/wp-json\/wp\/v2\/users\/2"}],"replies":[{"embeddable":true,"href":"https:\/\/www.africa-positive.de\/projekte\/wp-json\/wp\/v2\/comments?post=15"}],"version-history":[{"count":3,"href":"https:\/\/www.africa-positive.de\/projekte\/wp-json\/wp\/v2\/pages\/15\/revisions"}],"predecessor-version":[{"id":3340,"href":"https:\/\/www.africa-positive.de\/projekte\/wp-json\/wp\/v2\/pages\/15\/revisions\/3340"}],"up":[{"embeddable":true,"href":"https:\/\/www.africa-positive.de\/projekte\/wp-json\/wp\/v2\/pages\/11"}],"wp:featuredmedia":[{"embeddable":true,"href":"https:\/\/www.africa-positive.de\/projekte\/wp-json\/wp\/v2\/media\/3178"}],"wp:attachment":[{"href":"https:\/\/www.africa-positive.de\/projekte\/wp-json\/wp\/v2\/media?parent=15"}],"curies":[{"name":"wp","href":"https:\/\/api.w.org\/{rel}","templated":true}]}}