{"id":46,"date":"2016-12-06T18:51:46","date_gmt":"2016-12-06T17:51:46","guid":{"rendered":"http:\/\/projekte.africa-positive.de\/frauennetzwerk\/?page_id=4"},"modified":"2020-08-06T10:57:25","modified_gmt":"2020-08-06T08:57:25","slug":"home","status":"publish","type":"page","link":"https:\/\/www.africa-positive.de\/frauennetzwerk\/","title":{"rendered":"Home"},"content":{"rendered":"<h2>\u201eAfrikanisches Frauen-Netzwerk\u201c <\/h2>\n<p>Frauen mit afrikanischem Migrationshintergrund k\u00f6nnen im regelm\u00e4\u00dfig stattfindenden Treffen des Frauen-Netzwerkes ihre pers\u00f6nlichen Probleme diskutieren, Erfahrung und Ratschl\u00e4ge austauschen. Begleitet und beraten wird der Treff durch Mentoren, die auch die Organisation von besonderen Veranstaltungen der Frauen unterst\u00fctzen.<\/p>\n<p>Zielgruppe: Frauen<br \/>\nProjektstandorte: Dortmund<br \/>\nLaufzeit: 2009 &#8211; laufend<\/p>\n","protected":false},"excerpt":{"rendered":"<p>\u201eAfrikanisches Frauen-Netzwerk\u201c Frauen mit afrikanischem Migrationshintergrund k\u00f6nnen im regelm\u00e4\u00dfig stattfindenden Treffen des Frauen-Netzwerkes ihre pers\u00f6nlichen [&hellip;]<\/p>\n","protected":false},"author":2,"featured_media":0,"parent":0,"menu_order":0,"comment_status":"closed","ping_status":"closed","template":"page-templates\/front-page.php","meta":{"footnotes":""},"class_list":["post-46","page","type-page","status-publish","hentry"],"_links":{"self":[{"href":"https:\/\/www.africa-positive.de\/frauennetzwerk\/wp-json\/wp\/v2\/pages\/46","targetHints":{"allow":["GET"]}}],"collection":[{"href":"https:\/\/www.africa-positive.de\/frauennetzwerk\/wp-json\/wp\/v2\/pages"}],"about":[{"href":"https:\/\/www.africa-positive.de\/frauennetzwerk\/wp-json\/wp\/v2\/types\/page"}],"author":[{"embeddable":true,"href":"https:\/\/www.africa-positive.de\/frauennetzwerk\/wp-json\/wp\/v2\/users\/2"}],"replies":[{"embeddable":true,"href":"https:\/\/www.africa-positive.de\/frauennetzwerk\/wp-json\/wp\/v2\/comments?post=46"}],"version-history":[{"count":3,"href":"https:\/\/www.africa-positive.de\/frauennetzwerk\/wp-json\/wp\/v2\/pages\/46\/revisions"}],"predecessor-version":[{"id":75,"href":"https:\/\/www.africa-positive.de\/frauennetzwerk\/wp-json\/wp\/v2\/pages\/46\/revisions\/75"}],"wp:attachment":[{"href":"https:\/\/www.africa-positive.de\/frauennetzwerk\/wp-json\/wp\/v2\/media?parent=46"}],"curies":[{"name":"wp","href":"https:\/\/api.w.org\/{rel}","templated":true}]}}