{"id":14,"date":"2016-12-06T18:54:49","date_gmt":"2016-12-06T17:54:49","guid":{"rendered":"http:\/\/projekte.africa-positive.de\/frauennetzwerk\/?page_id=14"},"modified":"2020-08-06T10:50:28","modified_gmt":"2020-08-06T08:50:28","slug":"ueber-afrikanisches-frauennetzwerk","status":"publish","type":"page","link":"https:\/\/www.africa-positive.de\/frauennetzwerk\/ueber-afrikanisches-frauennetzwerk\/","title":{"rendered":"\u00dcber Afrikanisches Frauennetzwerk"},"content":{"rendered":"<br \/>\n<h2>Das afrikanische Frauennetzwerk Dortmund<\/h2>\n<p>Frauen mit afrikanischem Migrationshintergrund k\u00f6nnen in regelm\u00e4\u00dfig stattfindenden Treffen des Frauen-Netzwerkes ihre pers\u00f6nlichen Probleme diskutieren sowie Erfahrung und Ratschl\u00e4ge austauschen. Begleitet und beraten wird der Treff durch Mentoren, die auch die Organisation von besonderen Veranstaltungen der Frauen unterst\u00fctzen.<\/p>\n<p>Ausfl\u00fcge und Treffen, Beratungstermine, Seminare und Workshops mit deutschen und afrikanischen Frauen sollen das Verst\u00e4ndnis f\u00fcr die jeweils \u201cAnderen\u201d vergr\u00f6\u00dfern. Gemeinsam suchen die Frauen Chancen und Entwicklungspotentiale f\u00fcr sich selbst und ihre Familien. Dazu geh\u00f6ren Ausfl\u00fcge, offene Gespr\u00e4chsrunden und Beratungsangebote f\u00fcr die berufliche oder unternehmerische T\u00e4tigkeit.<\/p>\n<p>Machen Sie mit, melden Sie sich an und nutzen Sie die Chance! Gemeinsam sind wir stark!<\/p>\n<p>Alle unsere Veranstaltungen sind v\u00f6llig zwanglos, kosten nichts und sind eine prima Gelegenheit, um Kontakte zu kn\u00fcpfen. Geben Sie sich einen Ruck!  Wir beissen nicht! Kommen Sie vorbei, treffen Sie andere Frauen, mit denen Sie interessante Gespr\u00e4che f\u00fchren k\u00f6nnen. Sie sollen sich bei uns ganz wie zuhause f\u00fchlen. Wir freuen uns auf Sie!<\/p>\n<h2>Afrikanische Frauentreffen &#8211; Terminplanung 2016<\/h2>\n<p>Frauenfr\u00fchst\u00fcck 2016<br \/>\nTermine bis Jahresende folgen Abendliches <\/p>\n<h2>Frauentreffen 2016<\/h2>\n<p>19. November 2016, Weltkindertag (17:00 Uhr &#8211; 19:00 Uhr)<\/p>\n<h2>Interkulturelles Famillientreffen: <\/h2>\n<p>22. Oktober 2016 (18:00 Uhr &#8211; 22:00 Uhr). Ihre Kinder, Freunde, Kollegen und Verwandten sind selbstverst\u00e4ndlich ebenfalls herzlich eingeladen, mit uns gemeinsam zu feiern. <\/p>\n<p>Kein Eintrittspreis. <\/p>\n<p>Vielleicht bringen Sie auch selbst hergestellte Speisen aus Ihrem Heimatland mit und pr\u00e4sentieren sie am Buffett unseren anderen G\u00e4sten? Unseren Mitb\u00fcrgern k\u00f6nnen wir so auf leckere Weise Kultur und Kochk\u00fcnste unserer Ursprungsl\u00e4nder &#8222;schmackhaft&#8220; machen. Sprechen Sie uns an. Trauen Sie sich!  <\/p>\n<p>Interkulturelle Weihnachtsfeier 2016 mit dem schwarzen Santa Claus<\/p>\n<p>17. Dezember 2016 von 18:00 Uhr &#8211; 22:00 Uhr Kein Eintrittspreis.<\/p>\n<p>Ort:<br \/>\nIm Fritz-Hen\u00dfler-Haus, Gartensaal (EG)<br \/>\nGeschwister-Scholl-Str. 33-37<br \/>\n44135 Dortmund<\/p>\n<h2>Termine f\u00fcr 2017 : Im Fritz-Hen\u00dfler-Haus in der Dortmunder City<\/h2>\n<h3>Frauenfr\u00fchst\u00fcck<\/h3>\n<ul>\n<li>Samstag, 15.04.2017 : 10:00 Uhr \u2013 12:00 Uhr<\/li>\n<\/ul>\n<h3>Monatliche Frauentreffen: An jedem zweiten Samstag des Monats<\/h3>\n<ul>\n<li>Samstag, 28. Januar  2017 von 17:00 Uhr  &#8211; 19:00 Uhr<\/li>\n<li>Samstag, 11. Marz 2017 von 17:00 Uhr  &#8211; 19:00 Uhr<\/li>\n<li>Samsatg 15, April 2017 von 17:00 Uhr -19:00 Uhr<\/li>\n<li>Samstag, 14. Oktober 2017 von 17:00 Uhr- 19:00 Uhr<\/li>\n<li>Samstag, 11. November 2017  von 17:Uhr -19:00 Uhr<\/li>\n<\/ul>\n<h3>Die Interkulturelle Familienfeier:<\/h3>\n<ul>\n<li>Samstag,  25. Februar 2017 von 18:00 Uhr &#8211;  22:00 Uhr<\/li>\n<li>Samstag,  27. Mai 2017 von 18:00 Uhr \u2013 22:00 Uhr<\/li>\n<li>Samstag, 23 .September 2017 Von 18:00 Uhr- 22: 00 Uhr<\/li>\n<\/ul>\n<p>Samstag 16. Dezember 2017: Weihnachtsfeier  von 18:00 Uhr -22:00 Uhr<\/p>\n<h3>Eine kleine Bitte:<\/h3>\n<p>Jeder Besucher soll etwas zum Essen und Trinken aus jeweils ihrem Heimatland\/ihrer Heimatregion mitbringen, damit wir die ganze Vielfalt Afrikas und Deutschlands K\u00fcchen    sowie der anderen L\u00e4nder erleben k\u00f6nnen. Dazu m\u00f6chten wir alle interkulturell interessierten Personen herzlich einladen. F\u00fcr Kinderbetreuung wird gesorgt. Der Eintritt ist frei.<\/p>\n<p>Download <a href=\"https:\/\/www.africa-positive.de\/frauennetzwerk\/wp-content\/uploads\/sites\/9\/2020\/08\/Frauennetzwerk-endversion.pdf\">Frauennetzwerk Flyer<\/a><\/p>\n","protected":false},"excerpt":{"rendered":"<p>Das afrikanische Frauennetzwerk Dortmund Frauen mit afrikanischem Migrationshintergrund k\u00f6nnen in regelm\u00e4\u00dfig stattfindenden Treffen des Frauen-Netzwerkes [&hellip;]<\/p>\n","protected":false},"author":2,"featured_media":41,"parent":0,"menu_order":0,"comment_status":"closed","ping_status":"closed","template":"","meta":{"footnotes":""},"class_list":["post-14","page","type-page","status-publish","has-post-thumbnail","hentry"],"_links":{"self":[{"href":"https:\/\/www.africa-positive.de\/frauennetzwerk\/wp-json\/wp\/v2\/pages\/14","targetHints":{"allow":["GET"]}}],"collection":[{"href":"https:\/\/www.africa-positive.de\/frauennetzwerk\/wp-json\/wp\/v2\/pages"}],"about":[{"href":"https:\/\/www.africa-positive.de\/frauennetzwerk\/wp-json\/wp\/v2\/types\/page"}],"author":[{"embeddable":true,"href":"https:\/\/www.africa-positive.de\/frauennetzwerk\/wp-json\/wp\/v2\/users\/2"}],"replies":[{"embeddable":true,"href":"https:\/\/www.africa-positive.de\/frauennetzwerk\/wp-json\/wp\/v2\/comments?post=14"}],"version-history":[{"count":1,"href":"https:\/\/www.africa-positive.de\/frauennetzwerk\/wp-json\/wp\/v2\/pages\/14\/revisions"}],"predecessor-version":[{"id":74,"href":"https:\/\/www.africa-positive.de\/frauennetzwerk\/wp-json\/wp\/v2\/pages\/14\/revisions\/74"}],"wp:featuredmedia":[{"embeddable":true,"href":"https:\/\/www.africa-positive.de\/frauennetzwerk\/wp-json\/wp\/v2\/media\/41"}],"wp:attachment":[{"href":"https:\/\/www.africa-positive.de\/frauennetzwerk\/wp-json\/wp\/v2\/media?parent=14"}],"curies":[{"name":"wp","href":"https:\/\/api.w.org\/{rel}","templated":true}]}}