{"id":9,"date":"2016-12-06T19:27:23","date_gmt":"2016-12-06T18:27:23","guid":{"rendered":"http:\/\/projekte.africa-positive.de\/afrido\/?page_id=9"},"modified":"2016-12-06T19:27:23","modified_gmt":"2016-12-06T18:27:23","slug":"ueber-afrido","status":"publish","type":"page","link":"https:\/\/www.africa-positive.de\/afrido\/ueber-afrido\/","title":{"rendered":"\u00dcber Afrido"},"content":{"rendered":"<h2>\u201eAfrido\u201c &#8211; Afrikaner in Dortmund<\/h2>\n<p>\u201eZusammen sind wir stark\u201c. AFRIDO ist die Abk\u00fcrzung f\u00fcr \u201eAfrikaner in Dortmund\u201c und verfolgt genau dieses Ziel: AFRIDO ist eine Plattform f\u00fcr die verschiedenen Dortmunder Organisationen und Kirchengemeinden afrikanischer Herkunft. Afrika, unser bunter Kontinent, besteht aus 54 L\u00e4ndern mit vielen unterschiedlichen Kulturen. Obwohl wir aus verschiedenen Nationen kommen, haben wir hier in Dortmund viel mehr Gemeinsamkeiten. Deswegen ist es sinnvoll, miteinander statt gegeneinander zu arbeiten, um uns den zuk\u00fcnftigen Herausforderungen (Bildung, Berufsleben etc.) zu stellen&#8230;<br \/>\nZielgruppe: Vereine und Gruppen von Menschen mit afrikanischen Wurzeln und Migrationshintergrund<br \/>\nProjektstandorte: Dortmund Laufzeit: 2010 \u2013 laufend<\/p>\n<ul>\n<li>Partizipation und Teilhabe \u2013 politisches und freiwilliges Engagement<\/li>\n<li>Bildungs \u2013 und Integrationsangebote \u2013 Community Empowerment<\/li>\n<li>F\u00f6rderung der Solidarit\u00e4t und gegenseitige Unterst\u00fctzung<\/li>\n<li>Gemeinsame interkulturelle Veranstaltungen<\/li>\n<li>Allgemeine Beratung und Information<\/li>\n<li>Professionalisierung und St\u00e4rkung von Vereinsaktivit\u00e4ten<\/li>\n<\/ul>\n","protected":false},"excerpt":{"rendered":"<p>\u201eAfrido\u201c &#8211; Afrikaner in Dortmund \u201eZusammen sind wir stark\u201c. AFRIDO ist die Abk\u00fcrzung f\u00fcr \u201eAfrikaner [&hellip;]<\/p>\n","protected":false},"author":2,"featured_media":15,"parent":0,"menu_order":0,"comment_status":"closed","ping_status":"closed","template":"","meta":{"footnotes":""},"class_list":["post-9","page","type-page","status-publish","has-post-thumbnail","hentry"],"_links":{"self":[{"href":"https:\/\/www.africa-positive.de\/afrido\/wp-json\/wp\/v2\/pages\/9","targetHints":{"allow":["GET"]}}],"collection":[{"href":"https:\/\/www.africa-positive.de\/afrido\/wp-json\/wp\/v2\/pages"}],"about":[{"href":"https:\/\/www.africa-positive.de\/afrido\/wp-json\/wp\/v2\/types\/page"}],"author":[{"embeddable":true,"href":"https:\/\/www.africa-positive.de\/afrido\/wp-json\/wp\/v2\/users\/2"}],"replies":[{"embeddable":true,"href":"https:\/\/www.africa-positive.de\/afrido\/wp-json\/wp\/v2\/comments?post=9"}],"version-history":[{"count":0,"href":"https:\/\/www.africa-positive.de\/afrido\/wp-json\/wp\/v2\/pages\/9\/revisions"}],"wp:featuredmedia":[{"embeddable":true,"href":"https:\/\/www.africa-positive.de\/afrido\/wp-json\/wp\/v2\/media\/15"}],"wp:attachment":[{"href":"https:\/\/www.africa-positive.de\/afrido\/wp-json\/wp\/v2\/media?parent=9"}],"curies":[{"name":"wp","href":"https:\/\/api.w.org\/{rel}","templated":true}]}}