{"id":7,"date":"2016-12-06T19:27:14","date_gmt":"2016-12-06T18:27:14","guid":{"rendered":"http:\/\/projekte.africa-positive.de\/afrido\/?page_id=7"},"modified":"2019-03-04T17:20:11","modified_gmt":"2019-03-04T16:20:11","slug":"home","status":"publish","type":"page","link":"https:\/\/www.africa-positive.de\/afrido\/","title":{"rendered":"Home"},"content":{"rendered":"<br \/>\n<h2>\u201eAfrido\u201c &#8211; Afrikaner in Dortmund<\/h2>\n<p>\u201eZusammen sind wir stark\u201c. AFRIDO ist die Abk\u00fcrzung f\u00fcr \u201e<em>Afrikaner in Dortmund<\/em>\u201c und verfolgt genau dieses Ziel: AFRIDO ist eine Plattform f\u00fcr die verschiedenen Dortmunder Organisationen und Kirchengemeinden afrikanischer Herkunft.<\/p>\n<p>Afrika, unser bunter Kontinent, besteht aus 54 L\u00e4ndern mit vielen unterschiedlichen Kulturen.Wir wollen dieser Vielfalt eine gemeinsame Stimme geben. Unsere Ziele und Aktivit\u00e4ten umfassen:<\/p>\n<ul>\n<li>Partizipation und Teilhabe \u2013 politisches und freiwilliges Engagement<\/li>\n<li>Bildungs \u2013 und Integrationsangebote \u2013 Community Empowerment<\/li>\n<li>F\u00f6rderung der Solidarit\u00e4t und gegenseitige Unterst\u00fctzung<\/li>\n<li>Gemeinsame interkulturelle Veranstaltungen<\/li>\n<li>Allgemeine Beratung und Information<\/li>\n<li>Professionalisierung und St\u00e4rkung von Vereinsaktivit\u00e4ten<\/li>\n<\/ul>\n","protected":false},"excerpt":{"rendered":"<p>\u201eAfrido\u201c &#8211; Afrikaner in Dortmund \u201eZusammen sind wir stark\u201c. AFRIDO ist die Abk\u00fcrzung f\u00fcr \u201eAfrikaner [&hellip;]<\/p>\n","protected":false},"author":2,"featured_media":0,"parent":0,"menu_order":0,"comment_status":"closed","ping_status":"closed","template":"page-templates\/front-page.php","meta":{"footnotes":""},"class_list":["post-7","page","type-page","status-publish","hentry"],"_links":{"self":[{"href":"https:\/\/www.africa-positive.de\/afrido\/wp-json\/wp\/v2\/pages\/7","targetHints":{"allow":["GET"]}}],"collection":[{"href":"https:\/\/www.africa-positive.de\/afrido\/wp-json\/wp\/v2\/pages"}],"about":[{"href":"https:\/\/www.africa-positive.de\/afrido\/wp-json\/wp\/v2\/types\/page"}],"author":[{"embeddable":true,"href":"https:\/\/www.africa-positive.de\/afrido\/wp-json\/wp\/v2\/users\/2"}],"replies":[{"embeddable":true,"href":"https:\/\/www.africa-positive.de\/afrido\/wp-json\/wp\/v2\/comments?post=7"}],"version-history":[{"count":1,"href":"https:\/\/www.africa-positive.de\/afrido\/wp-json\/wp\/v2\/pages\/7\/revisions"}],"predecessor-version":[{"id":79,"href":"https:\/\/www.africa-positive.de\/afrido\/wp-json\/wp\/v2\/pages\/7\/revisions\/79"}],"wp:attachment":[{"href":"https:\/\/www.africa-positive.de\/afrido\/wp-json\/wp\/v2\/media?parent=7"}],"curies":[{"name":"wp","href":"https:\/\/api.w.org\/{rel}","templated":true}]}}