{"id":17,"date":"2016-12-06T19:29:00","date_gmt":"2016-12-06T18:29:00","guid":{"rendered":"http:\/\/projekte.africa-positive.de\/afrido\/?page_id=17"},"modified":"2016-12-06T19:29:00","modified_gmt":"2016-12-06T18:29:00","slug":"aktivitaeten","status":"publish","type":"page","link":"https:\/\/www.africa-positive.de\/afrido\/aktivitaeten\/","title":{"rendered":"Aktivit\u00e4ten"},"content":{"rendered":"<p>\t\t\t\tWir wollen dieser Vielfalt eine gemeinsame Stimme geben. Unsere Ziele und Aktivit\u00e4ten umfassen:<\/p>\n<ul>\n<li>Partizipation und Teilhabe \u2013 politisches und freiwilliges Engagement<\/li>\n<li>Bildungs \u2013 und Integrationsangebote \u2013 Community Empowerment<\/li>\n<li>F\u00f6rderung der Solidarit\u00e4t und gegenseitige Unterst\u00fctzung<\/li>\n<li>Gemeinsame interkulturelle Veranstaltungen<\/li>\n<li>Allgemeine Beratung und Information<\/li>\n<li>Professionalisierung und St\u00e4rkung von Vereinsaktivit\u00e4ten<\/li>\n<\/ul>\n<p>Beispiele f\u00fcr unsere Aktivit\u00e4ten:<\/p>\n<ul>\n<li>AFRIDO Infoveranstaltungen in den Kirchengemeinden<\/li>\n<li>AFRIDO Infosstand auf der M\u00fcnsterstra\u00dfe in Dortmund<\/li>\n<li>Beteiligung an der Integrationswahl in Dortmund<\/li>\n<li>Organisation des Afrika Formums 2016 im Integrationsrat der Stadt Dortmund<\/li>\n<li>Unterst\u00fctzung der Interkulturellen Weihnachtsfeier im Fritz-Hen\u00dfler-Haus<\/li>\n<\/ul>\n","protected":false},"excerpt":{"rendered":"<p>Wir wollen dieser Vielfalt eine gemeinsame Stimme geben. Unsere Ziele und Aktivit\u00e4ten umfassen: Partizipation und [&hellip;]<\/p>\n","protected":false},"author":2,"featured_media":61,"parent":0,"menu_order":0,"comment_status":"closed","ping_status":"closed","template":"","meta":{"footnotes":""},"class_list":["post-17","page","type-page","status-publish","has-post-thumbnail","hentry"],"_links":{"self":[{"href":"https:\/\/www.africa-positive.de\/afrido\/wp-json\/wp\/v2\/pages\/17","targetHints":{"allow":["GET"]}}],"collection":[{"href":"https:\/\/www.africa-positive.de\/afrido\/wp-json\/wp\/v2\/pages"}],"about":[{"href":"https:\/\/www.africa-positive.de\/afrido\/wp-json\/wp\/v2\/types\/page"}],"author":[{"embeddable":true,"href":"https:\/\/www.africa-positive.de\/afrido\/wp-json\/wp\/v2\/users\/2"}],"replies":[{"embeddable":true,"href":"https:\/\/www.africa-positive.de\/afrido\/wp-json\/wp\/v2\/comments?post=17"}],"version-history":[{"count":0,"href":"https:\/\/www.africa-positive.de\/afrido\/wp-json\/wp\/v2\/pages\/17\/revisions"}],"wp:featuredmedia":[{"embeddable":true,"href":"https:\/\/www.africa-positive.de\/afrido\/wp-json\/wp\/v2\/media\/61"}],"wp:attachment":[{"href":"https:\/\/www.africa-positive.de\/afrido\/wp-json\/wp\/v2\/media?parent=17"}],"curies":[{"name":"wp","href":"https:\/\/api.w.org\/{rel}","templated":true}]}}